{"id":2387,"date":"2025-10-21T12:23:24","date_gmt":"2025-10-21T11:23:24","guid":{"rendered":"https:\/\/www.swedentimber.se\/?page_id=2387"},"modified":"2025-10-31T14:56:23","modified_gmt":"2025-10-31T13:56:23","slug":"kutterspansbalar","status":"publish","type":"page","link":"https:\/\/www.swedentimber.se\/en\/kutterspansbalar\/","title":{"rendered":"Cutter shavings bales"},"content":{"rendered":"<h2>\n<h1>Cutter shavings bales in top quality<\/h1>\n<\/h2>\n<div>\n<p>Our wood chip bales are made from clean, untreated wood \u2013 dust-reduced and with high absorption capacity for the best comfort and hygiene in the stable.<\/p>\n<\/div>\n<p><img decoding=\"async\" src=\"\/wp-content\/uploads\/Hogupplost_bal.png\" alt=\"\"><\/p>\n<div>\n<h2>Environmentally friendly stable bedding with high quality<\/h2>\n<p data-start=\"117\" data-end=\"522\">Our stable bedding\/shavings is a natural and environmentally friendly choice for both animals and the environment. It is made from clean, untreated wood and is carefully dust-reduced to create a healthy and pleasant stable environment.<\/p>\n<p data-start=\"117\" data-end=\"522\">Thanks to its high absorbency, it keeps the boxes dry for longer. A durable and practical bedding that contributes to both cleaner air and happier animals.<\/p>\n<\/div>\n<p><p>\n        <a href=\"#SARA\">CONTACT US FOR ORDERS<\/a>\n    <\/p>\n<\/p>\n<div>\n<h2>Product information<\/h2>\n<p data-start=\"117\" data-end=\"522\">Bale size: 23 kg<br \/>Pallet size: 800x1200 mm.<br \/>Bales per pallet: 18 or 21\u00a0<br \/>Pallet tot weight: Around 450 kg<\/p>\n<\/div>\n<p><p>\n        <a href=\"#SARA\">CONTACT US FOR ORDERS<\/a>\n    <\/p>\n<\/p>\n<div>\n<p>    <img decoding=\"async\" src=\"\/wp-content\/uploads\/IMG_0300-1-e1761918537532.jpeg\" alt=\"\"><\/p>\n<h2>Sara Johansson<\/h2>\n<p>Sales Cutter Shavings<\/p>\n<div>\n<p>+46 70\u00a0344 10 09<br \/><strong><a href=\"mailto:sales@swedentimber.se\">sales@swedentimber.se<\/a><\/strong><\/p>\n<\/div>\n<p><a href=\"mailto:sales@swedentimber.se\">Email Sara<\/a><\/p>\n<\/div>\n<h2>Do you want to know more about us?<\/h2>\n<div>\n<p>For us at Sweden Timber, it is a matter of course that our products are made from raw materials from responsibly managed forests that take into account biodiversity\u00a0<\/p>\n<\/div>\n<p><p>\n        <a href=\"\/en\/om-oss\/\">Read more about us<\/a>\n    <\/p>\n<\/p>\n<p><!--more--><br \/>\n<!-- {\"type\":\"layout\",\"children\":[{\"type\":\"section\",\"props\":{\"image_position\":\"top-right\",\"padding\":\"large\",\"padding_remove_horizontal\":false,\"padding_remove_top\":false,\"style\":\"muted\",\"title_breakpoint\":\"xl\",\"title_position\":\"top-left\",\"title_rotation\":\"left\",\"vertical_align\":\"\",\"width\":\"default\"},\"children\":[{\"type\":\"row\",\"children\":[{\"type\":\"column\",\"props\":{\"image_position\":\"center-center\",\"position_sticky_breakpoint\":\"m\",\"vertical_align\":\"middle\",\"width_medium\":\"1-2\"},\"children\":[{\"type\":\"headline\",\"props\":{\"content\":\"\n\n<h1>Kuttersp\\u00e5nsbalar i toppkvalitet<\\\/h1>\",\"title_element\":\"h2\"}},{\"type\":\"text\",\"props\":{\"column_breakpoint\":\"m\",\"content\":\"\n\n<p>V\\u00e5ra kuttersp\\u00e5nsbalar \\u00e4r tillverkade av rent, obehandlat tr\\u00e4 \\u2013 dammreducerade och med h\\u00f6g uppsugningsf\\u00f6rm\\u00e5ga f\\u00f6r b\\u00e4sta komfort och hygien i stallet.<\\\/p>\",\"margin\":\"default\"}}]},{\"type\":\"column\",\"props\":{\"image_position\":\"center-center\",\"position_sticky_breakpoint\":\"m\",\"vertical_align\":\"middle\",\"width_medium\":\"1-2\"},\"children\":[{\"type\":\"image\",\"props\":{\"image\":\"wp-content\\\/uploads\\\/Hogupplost_bal.png\",\"image_height\":350,\"image_svg_color\":\"emphasis\",\"margin\":\"small\",\"margin_remove_bottom\":true,\"margin_remove_top\":true,\"text_align\":\"center\"}}]}],\"props\":{\"layout\":\"1-2,1-2\"}}],\"name\":\"ett brett prod sortiment\"},{\"type\":\"section\",\"props\":{\"animation\":\"slide-right-medium\",\"animation_delay\":\"100\",\"image_position\":\"center-center\",\"padding_remove_bottom\":false,\"padding_remove_top\":true,\"style\":\"default\",\"title_breakpoint\":\"xl\",\"title_position\":\"top-left\",\"title_rotation\":\"left\",\"vertical_align\":\"\",\"width\":\"\",\"width_expand\":\"left\"},\"children\":[{\"type\":\"row\",\"props\":{\"column_gap\":\"collapse\",\"id\":\"steg-tva\",\"layout\":\"1-2,1-2\",\"margin_remove_bottom\":false,\"margin_remove_top\":false,\"row_gap\":\"collapse\",\"width_expand\":\"left\"},\"children\":[{\"type\":\"column\",\"props\":{\"class\":\"box\",\"css\":\".el-column {min-height:300px;}\",\"image\":\"wp-content\\\/uploads\\\/IMG_1371-1.jpeg\",\"image_position\":\"top-center\",\"image_size\":\"cover\",\"image_width\":\"1280\",\"padding\":\"xlarge\",\"position_sticky_breakpoint\":\"m\",\"width_medium\":\"1-2\"}},{\"type\":\"column\",\"props\":{\"image_position\":\"center-center\",\"padding\":\"xlarge\",\"position_sticky_breakpoint\":\"m\",\"style\":\"tile-primary\",\"vertical_align\":\"middle\",\"width_medium\":\"1-2\"},\"children\":[{\"type\":\"text\",\"props\":{\"block_align\":\"center\",\"column_breakpoint\":\"m\",\"content\":\"\n\n<h2>Milj\\u00f6v\\u00e4nligt stallstr\\u00f6 med h\\u00f6g kvalitet<\\\/h2>\\n\n\n<p data-start=\\\"117\\\" data-end=\\\"522\\\">V\\u00e5rt stallstr\\u00f6\\\/kuttersp\\u00e5n \\u00e4r ett naturligt och milj\\u00f6v\\u00e4nligt val f\\u00f6r b\\u00e5de djur och milj\\u00f6. Det \\u00e4r tillverkat av rent, obehandlat tr\\u00e4 och \\u00e4r noggrant dammreducerat f\\u00f6r att skapa en frisk och trivsam stallmilj\\u00f6.<\\\/p>\\n\n\n<p data-start=\\\"117\\\" data-end=\\\"522\\\">Tack vare sin h\\u00f6ga uppsugningsf\\u00f6rm\\u00e5ga h\\u00e5ller det boxarna torra l\\u00e4ngre. Ett h\\u00e5llbart och praktiskt str\\u00f6 som bidrar till b\\u00e5de renare luft och n\\u00f6jdare djur.<\\\/p>\",\"margin\":\"default\",\"maxwidth\":\"xlarge\"}},{\"type\":\"button\",\"props\":{\"block_align\":\"center\",\"grid_column_gap\":\"small\",\"grid_row_gap\":\"small\",\"margin\":\"default\",\"maxwidth\":\"xlarge\"},\"children\":[{\"type\":\"button_item\",\"props\":{\"button_style\":\"secondary\",\"content\":\"KONTAKTA OSS F\\u00d6R BEST\\u00c4LLNING\",\"dialog_layout\":\"modal\",\"dialog_offcanvas_flip\":true,\"icon\":\"\",\"icon_align\":\"left\",\"link\":\"#SARA\"}}]}]}]},{\"type\":\"row\",\"props\":{\"column_gap\":\"collapse\",\"id\":\"steg-tva\",\"layout\":\"1-2,1-2\",\"margin_remove_bottom\":false,\"margin_remove_top\":false,\"row_gap\":\"collapse\",\"width_expand\":\"left\"},\"children\":[{\"type\":\"column\",\"props\":{\"class\":\"box\",\"css\":\".el-column {min-height:300px;}\",\"image\":\"wp-content\\\/uploads\\\/S.G.Empress-segerdefilering-X2.jpg\",\"image_position\":\"top-center\",\"image_size\":\"cover\",\"image_width\":\"1280\",\"padding\":\"xlarge\",\"position_sticky_breakpoint\":\"m\",\"width_medium\":\"1-2\"}},{\"type\":\"column\",\"props\":{\"image_position\":\"center-center\",\"order_first\":\"xs\",\"padding\":\"xlarge\",\"position_sticky_breakpoint\":\"m\",\"style\":\"tile-muted\",\"vertical_align\":\"middle\",\"width_medium\":\"1-2\"},\"children\":[{\"type\":\"text\",\"props\":{\"block_align\":\"center\",\"column_breakpoint\":\"m\",\"content\":\"\n\n<h2>Produktinformation<\\\/h2>\\n\n\n<p data-start=\\\"117\\\" data-end=\\\"522\\\">Balstorlek: 23 kg<br \\\/>Pallstorlek: EU-pall, 800x1200mm.<br \\\/>Antal balar per pall: 18 eller 21\\u00a0<br \\\/>Pallens totalvikt: Ca 450 kg.<\\\/p>\",\"margin\":\"default\",\"maxwidth\":\"xlarge\"}},{\"type\":\"button\",\"props\":{\"block_align\":\"center\",\"grid_column_gap\":\"small\",\"grid_row_gap\":\"small\",\"margin\":\"default\",\"maxwidth\":\"xlarge\"},\"children\":[{\"type\":\"button_item\",\"props\":{\"button_style\":\"secondary\",\"content\":\"KONTAKTA OSS F\\u00d6R BEST\\u00c4LLNING\",\"dialog_layout\":\"modal\",\"dialog_offcanvas_flip\":true,\"icon\":\"\",\"icon_align\":\"left\",\"link\":\"#SARA\"}}]}]}]}],\"name\":\"om oss - v\\u00e5ra produkter\"},{\"type\":\"section\",\"props\":{\"id\":\"SARA\",\"image_position\":\"center-center\",\"padding_remove_bottom\":false,\"padding_remove_top\":true,\"style\":\"default\",\"title_breakpoint\":\"xl\",\"title_position\":\"top-left\",\"title_rotation\":\"left\",\"vertical_align\":\"\",\"width\":\"\"},\"children\":[{\"type\":\"row\",\"children\":[{\"type\":\"column\",\"props\":{\"image_position\":\"center-center\",\"position_sticky_breakpoint\":\"m\"},\"children\":[{\"type\":\"grid\",\"props\":{\"content_column_breakpoint\":\"m\",\"filter_align\":\"left\",\"filter_all\":true,\"filter_grid_breakpoint\":\"m\",\"filter_grid_width\":\"auto\",\"filter_position\":\"top\",\"filter_style\":\"tab\",\"grid_column_align\":true,\"grid_default\":\"1\",\"grid_medium\":\"2\",\"icon_width\":80,\"image_align\":\"left\",\"image_grid_breakpoint\":\"\",\"image_grid_width\":\"2-5\",\"image_link\":false,\"image_loading\":true,\"image_svg_color\":\"emphasis\",\"image_vertical_align\":true,\"image_width\":\"610\",\"item_animation\":true,\"lightbox_bg_close\":true,\"link_fullwidth\":false,\"link_margin\":\"xlarge\",\"link_style\":\"default\",\"link_target\":true,\"link_text\":\"Maila Sara\",\"margin\":\"default\",\"margin_remove_top\":false,\"meta_align\":\"below-title\",\"meta_color\":\"primary\",\"meta_element\":\"div\",\"meta_margin\":\"small\",\"meta_style\":\"h6\",\"panel_expand\":\"image\",\"panel_image_no_padding\":false,\"panel_link\":true,\"panel_link_hover\":\"true\",\"panel_padding\":\"small\",\"panel_style\":\"card-primary\",\"parallax_easing\":\"1\",\"position\":\"relative\",\"position_z_index\":\"1\",\"show_content\":true,\"show_hover_image\":true,\"show_hover_video\":true,\"show_image\":true,\"show_link\":true,\"show_meta\":true,\"show_title\":true,\"show_video\":true,\"title_align\":\"top\",\"title_element\":\"h2\",\"title_grid_breakpoint\":\"m\",\"title_grid_width\":\"1-2\",\"title_hover_style\":\"reset\",\"title_link\":false,\"title_style\":\"h3\"},\"children\":[{\"type\":\"grid_item\",\"props\":{\"content\":\"\n\n<p>+46 70\\u00a0344 10 09<br \\\/><strong><a href=\\\"mailto:sales@swedentimber.se\\\">sales@swedentimber.se<\\\/a><\\\/strong><\\\/p>\",\"image\":\"wp-content\\\/uploads\\\/IMG_0300-1-e1761918537532.jpeg\",\"link\":\"mailto:sales@swedentimber.se\",\"meta\":\"S\\u00e4ljare Stallstr\\u00f6\\\/Kuttersp\\u00e5n\",\"title\":\"Sara Johansson\"}}],\"modified\":\"2021-07-27T08:22:49.412Z\"}]}],\"props\":{\"width\":\"large\"}}],\"name\":\"Sara\"},{\"type\":\"section\",\"props\":{\"image\":\"wp-content\\\/uploads\\\/IMG_E0973-scaled.jpg\",\"image_position\":\"center-center\",\"image_size\":\"cover\",\"image_width\":\"2560\",\"padding\":\"large\",\"style\":\"default\",\"text_color\":\"light\",\"title_breakpoint\":\"xl\",\"title_position\":\"top-left\",\"title_rotation\":\"left\",\"vertical_align\":\"\",\"width\":\"expand\"},\"children\":[{\"type\":\"row\",\"children\":[{\"type\":\"column\",\"props\":{\"image_position\":\"center-center\",\"position_sticky_breakpoint\":\"m\"},\"children\":[{\"type\":\"headline\",\"props\":{\"content\":\"Vill du veta mer om oss?\",\"maxwidth\":\"xlarge\",\"text_align\":\"left\",\"text_align_breakpoint\":\"s\",\"text_align_fallback\":\"center\",\"title_element\":\"h2\",\"title_style\":\"h1\"}},{\"type\":\"text\",\"props\":{\"column_breakpoint\":\"m\",\"content\":\"\n\n<p>F\\u00f6r oss p\\u00e5 Sweden Timber \\u00e4r det en sj\\u00e4lvklarhet att v\\u00e5ra produkter tillverkas av r\\u00e5vara som kommer fr\\u00e5n ansvarsfullt brukade skogar som tar h\\u00e4nsyn till biologisk m\\u00e5ngfald.\\u00a0<\\\/p>\",\"margin\":\"default\",\"maxwidth\":\"xlarge\",\"text_align\":\"left\",\"text_align_breakpoint\":\"s\",\"text_align_fallback\":\"center\",\"text_color\":\"emphasis\",\"text_style\":\"lead\"}},{\"type\":\"button\",\"props\":{\"button_size\":\"large\",\"grid_column_gap\":\"small\",\"grid_row_gap\":\"small\",\"margin\":\"medium\",\"text_align\":\"left\",\"text_align_breakpoint\":\"s\",\"text_align_fallback\":\"center\"},\"children\":[{\"type\":\"button_item\",\"props\":{\"button_style\":\"default\",\"content\":\"L\\u00e4s mer om oss\",\"dialog_layout\":\"modal\",\"dialog_offcanvas_flip\":true,\"icon_align\":\"left\",\"link\":\"om-oss\\\/\"}}]}]}],\"props\":{\"width\":\"large\"}}],\"name\":\"Call to Action\",\"modified\":\"2021-07-23T15:22:17.975Z\"}],\"version\":\"4.5.13\"} --><\/p>","protected":false},"excerpt":{"rendered":"<p>Kuttersp\u00e5nsbalar i toppkvalitet V\u00e5ra kuttersp\u00e5nsbalar \u00e4r tillverkade av rent, obehandlat tr\u00e4 \u2013 dammreducerade och med h\u00f6g uppsugningsf\u00f6rm\u00e5ga f\u00f6r b\u00e4sta komfort och hygien i stallet. Milj\u00f6v\u00e4nligt stallstr\u00f6 med h\u00f6g kvalitet V\u00e5rt stallstr\u00f6\/kuttersp\u00e5n \u00e4r ett naturligt och milj\u00f6v\u00e4nligt val f\u00f6r b\u00e5de djur och milj\u00f6. Det \u00e4r tillverkat av rent, obehandlat tr\u00e4 och \u00e4r noggrant dammreducerat f\u00f6r att [&hellip;]<\/p>","protected":false},"author":3,"featured_media":0,"parent":0,"menu_order":0,"comment_status":"closed","ping_status":"closed","template":"","meta":{"footnotes":""},"yoast_head":"<!-- This site is optimized with the Yoast SEO plugin v24.3 - https:\/\/yoast.com\/wordpress\/plugins\/seo\/ -->\n<title>Kuttersp\u00e5nsbalar - Sweden Timber<\/title>\n<meta name=\"robots\" content=\"index, follow, max-snippet:-1, max-image-preview:large, max-video-preview:-1\" \/>\n<link rel=\"canonical\" href=\"https:\/\/www.swedentimber.se\/en\/kutterspansbalar\/\" \/>\n<meta property=\"og:locale\" content=\"en_US\" \/>\n<meta property=\"og:type\" content=\"article\" \/>\n<meta property=\"og:title\" content=\"Kuttersp\u00e5nsbalar - Sweden Timber\" \/>\n<meta property=\"og:description\" content=\"Kuttersp\u00e5nsbalar i toppkvalitet V\u00e5ra kuttersp\u00e5nsbalar \u00e4r tillverkade av rent, obehandlat tr\u00e4 \u2013 dammreducerade och med h\u00f6g uppsugningsf\u00f6rm\u00e5ga f\u00f6r b\u00e4sta komfort och hygien i stallet. Milj\u00f6v\u00e4nligt stallstr\u00f6 med h\u00f6g kvalitet V\u00e5rt stallstr\u00f6\/kuttersp\u00e5n \u00e4r ett naturligt och milj\u00f6v\u00e4nligt val f\u00f6r b\u00e5de djur och milj\u00f6. Det \u00e4r tillverkat av rent, obehandlat tr\u00e4 och \u00e4r noggrant dammreducerat f\u00f6r att [&hellip;]\" \/>\n<meta property=\"og:url\" content=\"https:\/\/www.swedentimber.se\/en\/kutterspansbalar\/\" \/>\n<meta property=\"og:site_name\" content=\"Sweden Timber\" \/>\n<meta property=\"article:modified_time\" content=\"2025-10-31T13:56:23+00:00\" \/>\n<meta name=\"twitter:card\" content=\"summary_large_image\" \/>\n<meta name=\"twitter:label1\" content=\"Est. reading time\" \/>\n\t<meta name=\"twitter:data1\" content=\"1 minute\" \/>\n<script type=\"application\/ld+json\" class=\"yoast-schema-graph\">{\"@context\":\"https:\/\/schema.org\",\"@graph\":[{\"@type\":\"WebPage\",\"@id\":\"https:\/\/www.swedentimber.se\/kutterspansbalar\/\",\"url\":\"https:\/\/www.swedentimber.se\/kutterspansbalar\/\",\"name\":\"Kuttersp\u00e5nsbalar - Sweden Timber\",\"isPartOf\":{\"@id\":\"https:\/\/www.swedentimber.se\/#website\"},\"datePublished\":\"2025-10-21T11:23:24+00:00\",\"dateModified\":\"2025-10-31T13:56:23+00:00\",\"breadcrumb\":{\"@id\":\"https:\/\/www.swedentimber.se\/kutterspansbalar\/#breadcrumb\"},\"inLanguage\":\"en-US\",\"potentialAction\":[{\"@type\":\"ReadAction\",\"target\":[\"https:\/\/www.swedentimber.se\/kutterspansbalar\/\"]}]},{\"@type\":\"BreadcrumbList\",\"@id\":\"https:\/\/www.swedentimber.se\/kutterspansbalar\/#breadcrumb\",\"itemListElement\":[{\"@type\":\"ListItem\",\"position\":1,\"name\":\"Hem\",\"item\":\"https:\/\/www.swedentimber.se\/start\/\"},{\"@type\":\"ListItem\",\"position\":2,\"name\":\"Kuttersp\u00e5nsbalar\"}]},{\"@type\":\"WebSite\",\"@id\":\"https:\/\/www.swedentimber.se\/#website\",\"url\":\"https:\/\/www.swedentimber.se\/\",\"name\":\"Sweden Timber\",\"description\":\"\",\"potentialAction\":[{\"@type\":\"SearchAction\",\"target\":{\"@type\":\"EntryPoint\",\"urlTemplate\":\"https:\/\/www.swedentimber.se\/?s={search_term_string}\"},\"query-input\":{\"@type\":\"PropertyValueSpecification\",\"valueRequired\":true,\"valueName\":\"search_term_string\"}}],\"inLanguage\":\"en-US\"}]}<\/script>\n<!-- \/ Yoast SEO plugin. -->","yoast_head_json":{"title":"Kuttersp\u00e5nsbalar - Sweden Timber","robots":{"index":"index","follow":"follow","max-snippet":"max-snippet:-1","max-image-preview":"max-image-preview:large","max-video-preview":"max-video-preview:-1"},"canonical":"https:\/\/www.swedentimber.se\/en\/kutterspansbalar\/","og_locale":"en_US","og_type":"article","og_title":"Kuttersp\u00e5nsbalar - Sweden Timber","og_description":"Kuttersp\u00e5nsbalar i toppkvalitet V\u00e5ra kuttersp\u00e5nsbalar \u00e4r tillverkade av rent, obehandlat tr\u00e4 \u2013 dammreducerade och med h\u00f6g uppsugningsf\u00f6rm\u00e5ga f\u00f6r b\u00e4sta komfort och hygien i stallet. Milj\u00f6v\u00e4nligt stallstr\u00f6 med h\u00f6g kvalitet V\u00e5rt stallstr\u00f6\/kuttersp\u00e5n \u00e4r ett naturligt och milj\u00f6v\u00e4nligt val f\u00f6r b\u00e5de djur och milj\u00f6. Det \u00e4r tillverkat av rent, obehandlat tr\u00e4 och \u00e4r noggrant dammreducerat f\u00f6r att [&hellip;]","og_url":"https:\/\/www.swedentimber.se\/en\/kutterspansbalar\/","og_site_name":"Sweden Timber","article_modified_time":"2025-10-31T13:56:23+00:00","twitter_card":"summary_large_image","twitter_misc":{"Est. reading time":"1 minute"},"schema":{"@context":"https:\/\/schema.org","@graph":[{"@type":"WebPage","@id":"https:\/\/www.swedentimber.se\/kutterspansbalar\/","url":"https:\/\/www.swedentimber.se\/kutterspansbalar\/","name":"Kuttersp\u00e5nsbalar - Sweden Timber","isPartOf":{"@id":"https:\/\/www.swedentimber.se\/#website"},"datePublished":"2025-10-21T11:23:24+00:00","dateModified":"2025-10-31T13:56:23+00:00","breadcrumb":{"@id":"https:\/\/www.swedentimber.se\/kutterspansbalar\/#breadcrumb"},"inLanguage":"en-US","potentialAction":[{"@type":"ReadAction","target":["https:\/\/www.swedentimber.se\/kutterspansbalar\/"]}]},{"@type":"BreadcrumbList","@id":"https:\/\/www.swedentimber.se\/kutterspansbalar\/#breadcrumb","itemListElement":[{"@type":"ListItem","position":1,"name":"Hem","item":"https:\/\/www.swedentimber.se\/start\/"},{"@type":"ListItem","position":2,"name":"Kuttersp\u00e5nsbalar"}]},{"@type":"WebSite","@id":"https:\/\/www.swedentimber.se\/#website","url":"https:\/\/www.swedentimber.se\/","name":"Sweden Timber","description":"","potentialAction":[{"@type":"SearchAction","target":{"@type":"EntryPoint","urlTemplate":"https:\/\/www.swedentimber.se\/?s={search_term_string}"},"query-input":{"@type":"PropertyValueSpecification","valueRequired":true,"valueName":"search_term_string"}}],"inLanguage":"en-US"}]}},"_links":{"self":[{"href":"https:\/\/www.swedentimber.se\/en\/wp-json\/wp\/v2\/pages\/2387"}],"collection":[{"href":"https:\/\/www.swedentimber.se\/en\/wp-json\/wp\/v2\/pages"}],"about":[{"href":"https:\/\/www.swedentimber.se\/en\/wp-json\/wp\/v2\/types\/page"}],"author":[{"embeddable":true,"href":"https:\/\/www.swedentimber.se\/en\/wp-json\/wp\/v2\/users\/3"}],"replies":[{"embeddable":true,"href":"https:\/\/www.swedentimber.se\/en\/wp-json\/wp\/v2\/comments?post=2387"}],"version-history":[{"count":67,"href":"https:\/\/www.swedentimber.se\/en\/wp-json\/wp\/v2\/pages\/2387\/revisions"}],"predecessor-version":[{"id":2506,"href":"https:\/\/www.swedentimber.se\/en\/wp-json\/wp\/v2\/pages\/2387\/revisions\/2506"}],"wp:attachment":[{"href":"https:\/\/www.swedentimber.se\/en\/wp-json\/wp\/v2\/media?parent=2387"}],"curies":[{"name":"wp","href":"https:\/\/api.w.org\/{rel}","templated":true}]}}