{"id":210,"date":"2021-09-23T12:49:15","date_gmt":"2021-09-23T11:49:15","guid":{"rendered":"https:\/\/www.swedentimber.se\/?page_id=210"},"modified":"2021-11-04T11:04:18","modified_gmt":"2021-11-04T10:04:18","slug":"integritetspolicy","status":"publish","type":"page","link":"https:\/\/www.swedentimber.se\/sv\/integritetspolicy\/","title":{"rendered":"Integritetspolicy"},"content":{"rendered":"<h1>\n<p data-id=\"page#0-0-0-0\">Integritetspolicy<\/p>\n<\/h1>\n<div>\n<p><span>Organisationsnummer:<\/span><br \/><span>Ansvarig:\u00a0<br \/><\/span><span>Adress<br \/>xxx xx Ort<br \/><\/span><span>Telefon<\/span><span>\u00a0 |\u00a0\u00a0<\/span><span>Mail<\/span><\/p>\n<\/div>\n<h3><span>Cookies<\/span><\/h3>\n<div>\n<p>En cookie (eller en kaka) \u00e4r en liten textfil som webbplatsen beg\u00e4r att f\u00e5 spara p\u00e5 bes\u00f6karens dator, surfplatta eller mobiltelefon. Cookies anv\u00e4nds f\u00f6r att ge bes\u00f6karen tillg\u00e5ng till olika funktioner p\u00e5 webbplatsen. Det g\u00e5r \u00e4ven att anv\u00e4nda informationen i cookien f\u00f6r att f\u00f6lja hur en bes\u00f6kare anv\u00e4nder webbplatsen.<\/p>\n<p>Vanliga cookies kan delas in i tv\u00e5 huvudtyper. Den ena typen har ett utg\u00e5ngsdatum och sparar en fil p\u00e5 din dator under en l\u00e4ngre tid. Den anv\u00e4nds exempelvis vid funktioner som talar om vad som \u00e4r nytt p\u00e5 den aktuella webbplatsen sedan du bes\u00f6kte den senast. N\u00e4r utg\u00e5ngsdatumet har passerat raderas cookien fr\u00e5n din dator. Den skapas sedan p\u00e5 nytt n\u00e4sta g\u00e5ng du bes\u00f6ker webbplatsen.<\/p>\n<p>Den andra typen av cookie kallas f\u00f6r sessions cookie, den saknar utg\u00e5ngsdatum. N\u00e4r du \u00e4r inne och surfar p\u00e5 en sida lagras den h\u00e4r cookien tillf\u00e4lligt p\u00e5 din dator f\u00f6r att exempelvis h\u00e5lla reda p\u00e5 vilket spr\u00e5k du har valt. Sessions cookies lagras inte under en l\u00e4ngre tid, utan f\u00f6rsvinner n\u00e4r du st\u00e4nger ner webbl\u00e4saren.<\/p>\n<p>P\u00e5 denna webbplats anv\u00e4nds cookies f\u00f6r att du ska f\u00e5 en bra anv\u00e4ndarupplevelse och f\u00f6r att vi ska l\u00e4ra oss mer om hur vi kan f\u00f6rb\u00e4ttra webbplatsen. Informationen anv\u00e4nds inte f\u00f6r att identifiera enskilda bes\u00f6kare utan f\u00f6r att se hur bes\u00f6kare i allm\u00e4nhet anv\u00e4nder webbplatsen.<\/p>\n<\/div>\n<h3><span>GDPR<\/span><\/h3>\n<div>\n<p><span>Mer information kommer inom kort.<\/span><\/p>\n<\/div>\n<p><!--more--><br \/>\n<!-- {\"type\":\"layout\",\"children\":[{\"type\":\"section\",\"props\":{\"style\":\"default\",\"width\":\"default\",\"vertical_align\":\"middle\",\"title_position\":\"top-left\",\"title_rotation\":\"left\",\"title_breakpoint\":\"xl\",\"image_position\":\"center-center\"},\"children\":[{\"type\":\"row\",\"children\":[{\"type\":\"column\",\"props\":{\"image_position\":\"center-center\",\"media_overlay_gradient\":\"\"},\"children\":[{\"type\":\"headline\",\"props\":{\"title_element\":\"h1\",\"content\":\"\n\n<p data-id=\\\"page#0-0-0-0\\\">Integritetspolicy<\\\/p>\"}},{\"type\":\"text\",\"props\":{\"margin\":\"default\",\"column_breakpoint\":\"m\",\"content\":\"\n\n<p><span>Organisationsnummer:<\\\/span><br \\\/><span>Ansvarig:\\u00a0<br \\\/><\\\/span><span>Adress<br \\\/>xxx xx Ort<br \\\/><\\\/span><span>Telefon<\\\/span><span>\\u00a0 |\\u00a0\\u00a0<\\\/span><span>Mail<\\\/span><\\\/p>\"}},{\"type\":\"headline\",\"props\":{\"title_element\":\"h3\",\"content\":\"<span>Cookies<\\\/span>\"}},{\"type\":\"text\",\"props\":{\"margin\":\"default\",\"column_breakpoint\":\"m\",\"content\":\"\n\n<p>En cookie (eller en kaka) \\u00e4r en liten textfil som webbplatsen beg\\u00e4r att f\\u00e5 spara p\\u00e5 bes\\u00f6karens dator, surfplatta eller mobiltelefon. Cookies anv\\u00e4nds f\\u00f6r att ge bes\\u00f6karen tillg\\u00e5ng till olika funktioner p\\u00e5 webbplatsen. Det g\\u00e5r \\u00e4ven att anv\\u00e4nda informationen i cookien f\\u00f6r att f\\u00f6lja hur en bes\\u00f6kare anv\\u00e4nder webbplatsen.<\\\/p>\\n\n\n<p>Vanliga cookies kan delas in i tv\\u00e5 huvudtyper. Den ena typen har ett utg\\u00e5ngsdatum och sparar en fil p\\u00e5 din dator under en l\\u00e4ngre tid. Den anv\\u00e4nds exempelvis vid funktioner som talar om vad som \\u00e4r nytt p\\u00e5 den aktuella webbplatsen sedan du bes\\u00f6kte den senast. N\\u00e4r utg\\u00e5ngsdatumet har passerat raderas cookien fr\\u00e5n din dator. Den skapas sedan p\\u00e5 nytt n\\u00e4sta g\\u00e5ng du bes\\u00f6ker webbplatsen.<\\\/p>\\n\n\n<p>Den andra typen av cookie kallas f\\u00f6r sessions cookie, den saknar utg\\u00e5ngsdatum. N\\u00e4r du \\u00e4r inne och surfar p\\u00e5 en sida lagras den h\\u00e4r cookien tillf\\u00e4lligt p\\u00e5 din dator f\\u00f6r att exempelvis h\\u00e5lla reda p\\u00e5 vilket spr\\u00e5k du har valt. Sessions cookies lagras inte under en l\\u00e4ngre tid, utan f\\u00f6rsvinner n\\u00e4r du st\\u00e4nger ner webbl\\u00e4saren.<\\\/p>\\n\n\n<p>P\\u00e5 denna webbplats anv\\u00e4nds cookies f\\u00f6r att du ska f\\u00e5 en bra anv\\u00e4ndarupplevelse och f\\u00f6r att vi ska l\\u00e4ra oss mer om hur vi kan f\\u00f6rb\\u00e4ttra webbplatsen. Informationen anv\\u00e4nds inte f\\u00f6r att identifiera enskilda bes\\u00f6kare utan f\\u00f6r att se hur bes\\u00f6kare i allm\\u00e4nhet anv\\u00e4nder webbplatsen.<\\\/p>\"}},{\"type\":\"headline\",\"props\":{\"title_element\":\"h3\",\"content\":\"<span>GDPR<\\\/span>\"}},{\"type\":\"text\",\"props\":{\"margin\":\"default\",\"column_breakpoint\":\"m\",\"content\":\"\n\n<p><span>Mer information kommer inom kort.<\\\/span><\\\/p>\"}}]}]}]}],\"version\":\"2.6.9\"} --><\/p>\n","protected":false},"excerpt":{"rendered":"<p>Integritetspolicy Organisationsnummer:Ansvarig:\u00a0Adressxxx xx OrtTelefon\u00a0 |\u00a0\u00a0Mail Cookies En cookie (eller en kaka) \u00e4r en liten textfil som webbplatsen beg\u00e4r att f\u00e5 spara p\u00e5 bes\u00f6karens dator, surfplatta eller mobiltelefon. Cookies anv\u00e4nds f\u00f6r att ge bes\u00f6karen tillg\u00e5ng till olika funktioner p\u00e5 webbplatsen. Det g\u00e5r \u00e4ven att anv\u00e4nda informationen i cookien f\u00f6r att f\u00f6lja hur en bes\u00f6kare anv\u00e4nder webbplatsen. [&hellip;]<\/p>\n","protected":false},"author":2,"featured_media":0,"parent":0,"menu_order":0,"comment_status":"closed","ping_status":"closed","template":"","meta":{"footnotes":""},"yoast_head":"<!-- This site is optimized with the Yoast SEO plugin v24.3 - https:\/\/yoast.com\/wordpress\/plugins\/seo\/ -->\n<title>Integritetspolicy - Sweden Timber<\/title>\n<meta name=\"robots\" content=\"index, follow, max-snippet:-1, max-image-preview:large, max-video-preview:-1\" \/>\n<link rel=\"canonical\" href=\"https:\/\/www.swedentimber.se\/sv\/integritetspolicy\/\" \/>\n<meta property=\"og:locale\" content=\"sv_SE\" \/>\n<meta property=\"og:type\" content=\"article\" \/>\n<meta property=\"og:title\" content=\"Integritetspolicy - Sweden Timber\" \/>\n<meta property=\"og:description\" content=\"Integritetspolicy Organisationsnummer:Ansvarig:\u00a0Adressxxx xx OrtTelefon\u00a0 |\u00a0\u00a0Mail Cookies En cookie (eller en kaka) \u00e4r en liten textfil som webbplatsen beg\u00e4r att f\u00e5 spara p\u00e5 bes\u00f6karens dator, surfplatta eller mobiltelefon. Cookies anv\u00e4nds f\u00f6r att ge bes\u00f6karen tillg\u00e5ng till olika funktioner p\u00e5 webbplatsen. Det g\u00e5r \u00e4ven att anv\u00e4nda informationen i cookien f\u00f6r att f\u00f6lja hur en bes\u00f6kare anv\u00e4nder webbplatsen. [&hellip;]\" \/>\n<meta property=\"og:url\" content=\"https:\/\/www.swedentimber.se\/sv\/integritetspolicy\/\" \/>\n<meta property=\"og:site_name\" content=\"Sweden Timber\" \/>\n<meta property=\"article:modified_time\" content=\"2021-11-04T10:04:18+00:00\" \/>\n<meta name=\"twitter:card\" content=\"summary_large_image\" \/>\n<meta name=\"twitter:label1\" content=\"Ber\u00e4knad l\u00e4stid\" \/>\n\t<meta name=\"twitter:data1\" content=\"1 minut\" \/>\n<script type=\"application\/ld+json\" class=\"yoast-schema-graph\">{\"@context\":\"https:\/\/schema.org\",\"@graph\":[{\"@type\":\"WebPage\",\"@id\":\"https:\/\/www.swedentimber.se\/integritetspolicy\/\",\"url\":\"https:\/\/www.swedentimber.se\/integritetspolicy\/\",\"name\":\"Integritetspolicy - Sweden Timber\",\"isPartOf\":{\"@id\":\"https:\/\/www.swedentimber.se\/#website\"},\"datePublished\":\"2021-09-23T11:49:15+00:00\",\"dateModified\":\"2021-11-04T10:04:18+00:00\",\"breadcrumb\":{\"@id\":\"https:\/\/www.swedentimber.se\/integritetspolicy\/#breadcrumb\"},\"inLanguage\":\"sv-SE\",\"potentialAction\":[{\"@type\":\"ReadAction\",\"target\":[\"https:\/\/www.swedentimber.se\/integritetspolicy\/\"]}]},{\"@type\":\"BreadcrumbList\",\"@id\":\"https:\/\/www.swedentimber.se\/integritetspolicy\/#breadcrumb\",\"itemListElement\":[{\"@type\":\"ListItem\",\"position\":1,\"name\":\"Hem\",\"item\":\"https:\/\/www.swedentimber.se\/start\/\"},{\"@type\":\"ListItem\",\"position\":2,\"name\":\"Integritetspolicy\"}]},{\"@type\":\"WebSite\",\"@id\":\"https:\/\/www.swedentimber.se\/#website\",\"url\":\"https:\/\/www.swedentimber.se\/\",\"name\":\"Sweden Timber\",\"description\":\"\",\"potentialAction\":[{\"@type\":\"SearchAction\",\"target\":{\"@type\":\"EntryPoint\",\"urlTemplate\":\"https:\/\/www.swedentimber.se\/?s={search_term_string}\"},\"query-input\":{\"@type\":\"PropertyValueSpecification\",\"valueRequired\":true,\"valueName\":\"search_term_string\"}}],\"inLanguage\":\"sv-SE\"}]}<\/script>\n<!-- \/ Yoast SEO plugin. -->","yoast_head_json":{"title":"Integritetspolicy - Sweden Timber","robots":{"index":"index","follow":"follow","max-snippet":"max-snippet:-1","max-image-preview":"max-image-preview:large","max-video-preview":"max-video-preview:-1"},"canonical":"https:\/\/www.swedentimber.se\/sv\/integritetspolicy\/","og_locale":"sv_SE","og_type":"article","og_title":"Integritetspolicy - Sweden Timber","og_description":"Integritetspolicy Organisationsnummer:Ansvarig:\u00a0Adressxxx xx OrtTelefon\u00a0 |\u00a0\u00a0Mail Cookies En cookie (eller en kaka) \u00e4r en liten textfil som webbplatsen beg\u00e4r att f\u00e5 spara p\u00e5 bes\u00f6karens dator, surfplatta eller mobiltelefon. Cookies anv\u00e4nds f\u00f6r att ge bes\u00f6karen tillg\u00e5ng till olika funktioner p\u00e5 webbplatsen. Det g\u00e5r \u00e4ven att anv\u00e4nda informationen i cookien f\u00f6r att f\u00f6lja hur en bes\u00f6kare anv\u00e4nder webbplatsen. [&hellip;]","og_url":"https:\/\/www.swedentimber.se\/sv\/integritetspolicy\/","og_site_name":"Sweden Timber","article_modified_time":"2021-11-04T10:04:18+00:00","twitter_card":"summary_large_image","twitter_misc":{"Ber\u00e4knad l\u00e4stid":"1 minut"},"schema":{"@context":"https:\/\/schema.org","@graph":[{"@type":"WebPage","@id":"https:\/\/www.swedentimber.se\/integritetspolicy\/","url":"https:\/\/www.swedentimber.se\/integritetspolicy\/","name":"Integritetspolicy - Sweden Timber","isPartOf":{"@id":"https:\/\/www.swedentimber.se\/#website"},"datePublished":"2021-09-23T11:49:15+00:00","dateModified":"2021-11-04T10:04:18+00:00","breadcrumb":{"@id":"https:\/\/www.swedentimber.se\/integritetspolicy\/#breadcrumb"},"inLanguage":"sv-SE","potentialAction":[{"@type":"ReadAction","target":["https:\/\/www.swedentimber.se\/integritetspolicy\/"]}]},{"@type":"BreadcrumbList","@id":"https:\/\/www.swedentimber.se\/integritetspolicy\/#breadcrumb","itemListElement":[{"@type":"ListItem","position":1,"name":"Hem","item":"https:\/\/www.swedentimber.se\/start\/"},{"@type":"ListItem","position":2,"name":"Integritetspolicy"}]},{"@type":"WebSite","@id":"https:\/\/www.swedentimber.se\/#website","url":"https:\/\/www.swedentimber.se\/","name":"Sweden Timber","description":"","potentialAction":[{"@type":"SearchAction","target":{"@type":"EntryPoint","urlTemplate":"https:\/\/www.swedentimber.se\/?s={search_term_string}"},"query-input":{"@type":"PropertyValueSpecification","valueRequired":true,"valueName":"search_term_string"}}],"inLanguage":"sv-SE"}]}},"_links":{"self":[{"href":"https:\/\/www.swedentimber.se\/sv\/wp-json\/wp\/v2\/pages\/210"}],"collection":[{"href":"https:\/\/www.swedentimber.se\/sv\/wp-json\/wp\/v2\/pages"}],"about":[{"href":"https:\/\/www.swedentimber.se\/sv\/wp-json\/wp\/v2\/types\/page"}],"author":[{"embeddable":true,"href":"https:\/\/www.swedentimber.se\/sv\/wp-json\/wp\/v2\/users\/2"}],"replies":[{"embeddable":true,"href":"https:\/\/www.swedentimber.se\/sv\/wp-json\/wp\/v2\/comments?post=210"}],"version-history":[{"count":3,"href":"https:\/\/www.swedentimber.se\/sv\/wp-json\/wp\/v2\/pages\/210\/revisions"}],"predecessor-version":[{"id":218,"href":"https:\/\/www.swedentimber.se\/sv\/wp-json\/wp\/v2\/pages\/210\/revisions\/218"}],"wp:attachment":[{"href":"https:\/\/www.swedentimber.se\/sv\/wp-json\/wp\/v2\/media?parent=210"}],"curies":[{"name":"wp","href":"https:\/\/api.w.org\/{rel}","templated":true}]}}