{"id":25,"date":"2018-11-28T14:07:27","date_gmt":"2018-11-28T14:07:27","guid":{"rendered":"http:\/\/localhost\/yootheme-pro\/2019\/Tomsen-Brody\/Website_WP\/index.php\/getting-started\/"},"modified":"2025-04-08T14:29:34","modified_gmt":"2025-04-08T13:29:34","slug":"start","status":"publish","type":"page","link":"https:\/\/www.swedentimber.se\/sv\/","title":{"rendered":"Start"},"content":{"rendered":"<h1>Tr\u00e4varor till byggindustri och tr\u00e4varuhandel \u00f6ver hela v\u00e4rlden<\/h1>\n<h2>Tr\u00e4varor med stor flexibilitet<\/h2>\n<div>\n<p>Sweden Timber \u00e4r e<span>n<\/span> s\u00e5gverk<span>&#8211; och<\/span> hyvleri<span>koncern<\/span> med <span>produktion i Sverige och <\/span>fokus p\u00e5 f\u00f6rs\u00e4ljning till flera exportmarknader. <span>V\u00e5rt m\u00e5l \u00e4r att vara en flexibel leverant\u00f6r som l\u00f6ser kundernas behov<\/span><span> och d\u00e4rigenom skapa l\u00e5ngsiktiga relationer.<\/span><\/p>\n<p><span>V\u00e5rt<\/span> breda produktsortiment med s\u00e5gade produkter, konstruktionsvirke, ytterpaneler, impregnerat virke, innerpaneler och golv g\u00f6r oss till en komplett <span>tr\u00e4<\/span>leverant\u00f6r. Vi har m\u00f6jlighet att hantera allt fr\u00e5n klena dimensioner till mycket grova reglar med l\u00e4ngder upp till 6m. Vi har stor erfarenhet av att g\u00f6ra kundspecifika logistikl\u00f6sningar, profiler, paketering, buntning, exaktkapning och etikettering m.m.<\/p>\n<p><span>F\u00f6r oss p\u00e5 Sweden Timber \u00e4r det en sj\u00e4lvklarhet att v\u00e5ra produkter tillverkas\u00a0av r\u00e5vara fr\u00e5n\u00a0ansvarsfullt brukade skogar som tar h\u00e4nsyn till den biologiska m\u00e5ngfalden<\/span><span>.<\/span><span><\/span><\/p>\n<\/div>\n<h2>\n<p>V\u00e5ra s\u00e5gverk<\/p>\n<\/h2>\n<div>\n<p>V\u00e5ra s\u00e5gverk har fokus p\u00e5 stor flexibilitet och snabb hantering av kundorder. Stor vikt l\u00e4ggs vid ett h\u00f6gt utbyte och h\u00f6g kvalitet b\u00e5de p\u00e5 produkterna och p\u00e5 hanteringen av virket genom hela processen. V\u00e5ra anl\u00e4ggningar finns i Malmb\u00e4ck, Hjortkvarn, Skillingaryd\u00a0 och Mora.<\/p>\n<\/div>\n<p><p>\n        <a href=\"\/kontakt\/\">SE ALLA V\u00c5RA S\u00c5GVERK<\/a>\n    <\/p>\n<\/p>\n<h2>\n<p>Certifierat tr\u00e4<\/p>\n<\/h2>\n<div>\n<p>F\u00f6r oss p\u00e5 Sweden Timber \u00e4r det en sj\u00e4lvklarhet att v\u00e5ra produkter tillverkas\u00a0\u00a0av r\u00e5vara fr\u00e5n ansvarsfullt brukade skogar som tar h\u00e4nsyn till den biologiska m\u00e5ngfalden.<\/p>\n<p>Sweden Timber \u00e4r certifierat enligt <b>FSC <\/b>och <b>PEFC<\/b>.<\/p>\n<\/div>\n<p><p>\n        <a href=\"\/certifieringar\/\">V\u00c5RA CERTIFIERINGAR<\/a>\n    <\/p>\n<\/p>\n<h2>\n<p>Se hur vi jobbar<\/p>\n<\/h2>\n<div>\n<p>Sweden Timber \u00e4r ett s\u00e5gverk med m\u00f6jlighet\u00a0att producera de flesta dimensioner, s\u00e5v\u00e4l standard som special. Vi levererar kundspecifika tr\u00e4varor \u00f6ver hela v\u00e4rlden, b\u00e5de hyvlingsprofiler, m\u00e5lning, impregnering, men ocks\u00e5 paketering och logistikl\u00f6ningar.<\/p>\n<\/div>\n<p><p>\n        <a href=\"\/om-oss\/\">L\u00c4S MER OM OSS<\/a>\n    <\/p>\n<\/p>\n<h2>\n<p>Jobba hos oss<\/p>\n<\/h2>\n<div>\n<p>Vi har en stor verksamhet med m\u00e5nga olika arbetsomr\u00e5den och \u00e4r ett h\u00e4rligt team i olika delar av Sverige.<\/p>\n<p>S\u00f6k ditt n\u00e4sta <i>jobb hos oss<\/i>!<\/p>\n<\/div>\n<p><p>\n        <a href=\"\/lediga-tjanster\/\">SE LEDIGA TJ\u00c4NSTER<\/a>\n    <\/p>\n<\/p>\n<p><!--more--><br \/>\n<!-- {\"type\":\"layout\",\"children\":[{\"type\":\"section\",\"props\":{\"animation\":\"slide-right-medium\",\"animation_delay\":\"200\",\"header_transparent\":true,\"header_transparent_text_color\":\"dark\",\"height\":\"viewport\",\"height_offset_top\":true,\"height_viewport\":80,\"image\":\"wp-content\\\/uploads\\\/sweden-timber-cover.jpg\",\"image_position\":\"center-left\",\"image_size\":\"cover\",\"padding\":\"large\",\"style\":\"default\",\"text_color\":\"light\",\"title_breakpoint\":\"xl\",\"title_position\":\"top-left\",\"title_rotation\":\"left\",\"vertical_align\":\"\",\"width\":\"default\"},\"children\":[{\"type\":\"row\",\"children\":[{\"type\":\"column\",\"props\":{\"image_position\":\"center-center\",\"position_sticky_breakpoint\":\"m\"},\"children\":[{\"type\":\"headline\",\"props\":{\"content\":\"Tr\\u00e4varor till byggindustri och tr\\u00e4varuhandel \\u00f6ver hela v\\u00e4rlden\",\"maxwidth\":\"2xlarge\",\"title_element\":\"h1\"}}]}]}]},{\"type\":\"section\",\"props\":{\"image\":\"wp-content\\\/uploads\\\/timmer-1.png\",\"image_position\":\"top-right\",\"padding\":\"large\",\"style\":\"muted\",\"title_breakpoint\":\"xl\",\"title_position\":\"top-left\",\"title_rotation\":\"left\",\"vertical_align\":\"\",\"width\":\"default\"},\"children\":[{\"type\":\"row\",\"children\":[{\"type\":\"column\",\"props\":{\"image_position\":\"center-center\",\"position_sticky_breakpoint\":\"m\",\"vertical_align\":\"middle\",\"width_medium\":\"1-2\"},\"children\":[{\"type\":\"headline\",\"props\":{\"content\":\"Tr\\u00e4varor med stor flexibilitet\",\"title_element\":\"h2\"}},{\"type\":\"text\",\"props\":{\"column_breakpoint\":\"m\",\"content\":\"\n\n<p>Sweden Timber \\u00e4r e<span>n<\\\/span> s\\u00e5gverk<span>- och<\\\/span> hyvleri<span>koncern<\\\/span> med <span>produktion i Sverige och <\\\/span>fokus p\\u00e5 f\\u00f6rs\\u00e4ljning till flera exportmarknader. <span>V\\u00e5rt m\\u00e5l \\u00e4r att vara en flexibel leverant\\u00f6r som l\\u00f6ser kundernas behov<\\\/span><span> och d\\u00e4rigenom skapa l\\u00e5ngsiktiga relationer.<\\\/span><\\\/p>\\n\n\n<p><span>V\\u00e5rt<\\\/span> breda produktsortiment med s\\u00e5gade produkter, konstruktionsvirke, ytterpaneler, impregnerat virke, innerpaneler och golv g\\u00f6r oss till en komplett <span>tr\\u00e4<\\\/span>leverant\\u00f6r. Vi har m\\u00f6jlighet att hantera allt fr\\u00e5n klena dimensioner till mycket grova reglar med l\\u00e4ngder upp till 6m. Vi har stor erfarenhet av att g\\u00f6ra kundspecifika logistikl\\u00f6sningar, profiler, paketering, buntning, exaktkapning och etikettering m.m.<\\\/p>\\n\n\n<p><span>F\\u00f6r oss p\\u00e5 Sweden Timber \\u00e4r det en sj\\u00e4lvklarhet att v\\u00e5ra produkter tillverkas\\u00a0av r\\u00e5vara fr\\u00e5n\\u00a0ansvarsfullt brukade skogar som tar h\\u00e4nsyn till den biologiska m\\u00e5ngfalden<\\\/span><span>.<\\\/span><span><\\\/span><\\\/p>\",\"margin\":\"default\"}}]},{\"type\":\"column\",\"props\":{\"image_position\":\"center-center\",\"position_sticky_breakpoint\":\"m\",\"vertical_align\":\"middle\",\"width_medium\":\"1-2\"}}],\"props\":{\"layout\":\"1-2,1-2\"}}],\"name\":\"tr\\u00e4varor med stor flexibilitet\"},{\"type\":\"section\",\"props\":{\"animation\":\"slide-right-medium\",\"animation_delay\":\"100\",\"image_position\":\"center-center\",\"padding\":\"none\",\"padding_remove_bottom\":false,\"padding_remove_top\":true,\"style\":\"default\",\"title_breakpoint\":\"xl\",\"title_position\":\"top-left\",\"title_rotation\":\"left\",\"vertical_align\":\"\",\"width\":\"\",\"width_expand\":\"left\"},\"children\":[{\"type\":\"row\",\"props\":{\"column_gap\":\"collapse\",\"id\":\"steg-tva\",\"layout\":\"1-2,1-2\",\"row_gap\":\"collapse\",\"width_expand\":\"left\"},\"children\":[{\"type\":\"column\",\"props\":{\"class\":\"box\",\"css\":\".el-column {min-height:300px;}\",\"image\":\"wp-content\\\/uploads\\\/Malmback-flyg.jpg\",\"image_position\":\"top-center\",\"image_size\":\"cover\",\"image_width\":\"1280\",\"padding\":\"xlarge\",\"position_sticky_breakpoint\":\"m\",\"width_large\":\"1-2\",\"width_medium\":\"1-1\"}},{\"type\":\"column\",\"props\":{\"image_position\":\"center-center\",\"padding\":\"xlarge\",\"position_sticky_breakpoint\":\"m\",\"style\":\"tile-primary\",\"vertical_align\":\"middle\",\"width_large\":\"1-2\",\"width_medium\":\"1-1\"},\"children\":[{\"type\":\"headline\",\"props\":{\"block_align\":\"center\",\"content\":\"\n\n<p>V\\u00e5ra s\\u00e5gverk<\\\/p>\",\"margin\":\"medium\",\"margin_remove_top\":true,\"maxwidth\":\"xlarge\",\"title_element\":\"h2\",\"title_style\":\"h2\"}},{\"type\":\"text\",\"props\":{\"block_align\":\"center\",\"column_breakpoint\":\"m\",\"content\":\"\n\n<p>V\\u00e5ra s\\u00e5gverk har fokus p\\u00e5 stor flexibilitet och snabb hantering av kundorder. Stor vikt l\\u00e4ggs vid ett h\\u00f6gt utbyte och h\\u00f6g kvalitet b\\u00e5de p\\u00e5 produkterna och p\\u00e5 hanteringen av virket genom hela processen. V\\u00e5ra anl\\u00e4ggningar finns i Malmb\\u00e4ck, Hjortkvarn, Skillingaryd\\u00a0 och Mora.<\\\/p>\",\"margin\":\"default\",\"maxwidth\":\"xlarge\"}},{\"type\":\"button\",\"props\":{\"block_align\":\"center\",\"grid_column_gap\":\"small\",\"grid_row_gap\":\"small\",\"margin\":\"default\",\"maxwidth\":\"xlarge\"},\"children\":[{\"type\":\"button_item\",\"props\":{\"button_style\":\"text\",\"content\":\"SE ALLA V\\u00c5RA S\\u00c5GVERK\",\"dialog_layout\":\"modal\",\"dialog_offcanvas_flip\":true,\"icon_align\":\"left\",\"link\":\"kontakt\\\/\"}}]}]}]},{\"type\":\"row\",\"props\":{\"column_gap\":\"collapse\",\"id\":\"steg-ett\",\"layout\":\"1-2,1-2\",\"margin\":\"remove-vertical\",\"row_gap\":\"collapse\",\"width_expand\":\"left\"},\"children\":[{\"type\":\"column\",\"props\":{\"class\":\"box\",\"css\":\".el-column {min-height:300px;}\",\"image\":\"wp-content\\\/uploads\\\/bild-skog-scaled.jpg\",\"image_position\":\"center-center\",\"image_size\":\"cover\",\"image_width\":\"1280\",\"padding\":\"xlarge\",\"position_sticky_breakpoint\":\"m\",\"width_large\":\"1-2\",\"width_medium\":\"1-1\",\"width_small\":\"1-1\"}},{\"type\":\"column\",\"props\":{\"image_position\":\"center-center\",\"order_first\":\"l\",\"padding\":\"xlarge\",\"position_sticky_breakpoint\":\"m\",\"style\":\"tile-secondary\",\"vertical_align\":\"middle\",\"width_large\":\"1-2\",\"width_medium\":\"1-1\",\"width_small\":\"1-1\"},\"children\":[{\"type\":\"headline\",\"props\":{\"block_align\":\"center\",\"content\":\"\n\n<p>Certifierat tr\\u00e4<\\\/p>\",\"margin\":\"medium\",\"margin_remove_top\":true,\"maxwidth\":\"xlarge\",\"title_element\":\"h2\",\"title_style\":\"h2\"}},{\"type\":\"text\",\"props\":{\"block_align\":\"center\",\"column_breakpoint\":\"m\",\"content\":\"\n\n<p>F\\u00f6r oss p\\u00e5 Sweden Timber \\u00e4r det en sj\\u00e4lvklarhet att v\\u00e5ra produkter tillverkas\\u00a0\\u00a0av r\\u00e5vara fr\\u00e5n ansvarsfullt brukade skogar som tar h\\u00e4nsyn till den biologiska m\\u00e5ngfalden.<\\\/p>\\n\n\n<p>Sweden Timber \\u00e4r certifierat enligt <b>FSC <\\\/b>och <b>PEFC<\\\/b>.<\\\/p>\",\"margin\":\"default\",\"maxwidth\":\"xlarge\"}},{\"type\":\"button\",\"props\":{\"block_align\":\"center\",\"grid_column_gap\":\"small\",\"grid_row_gap\":\"small\",\"margin\":\"default\",\"maxwidth\":\"xlarge\"},\"children\":[{\"type\":\"button_item\",\"props\":{\"button_style\":\"text\",\"content\":\"V\\u00c5RA CERTIFIERINGAR\",\"dialog_layout\":\"modal\",\"dialog_offcanvas_flip\":true,\"icon_align\":\"left\",\"link\":\"certifieringar\\\/\"}}]}]}]},{\"type\":\"row\",\"props\":{\"column_gap\":\"collapse\",\"id\":\"steg-tva\",\"layout\":\"1-2,1-2\",\"row_gap\":\"collapse\",\"width_expand\":\"left\"},\"children\":[{\"type\":\"column\",\"props\":{\"class\":\"box\",\"css\":\".el-column {min-height:300px;}\",\"image_position\":\"top-center\",\"image_size\":\"cover\",\"image_width\":\"1280\",\"padding\":\"xlarge\",\"position_sticky_breakpoint\":\"m\",\"style\":\"tile-primary\",\"video\":\"https:\\\/\\\/youtu.be\\\/FhYFfeIlBhA\",\"width_large\":\"1-2\",\"width_medium\":\"1-1\"}},{\"type\":\"column\",\"props\":{\"image_position\":\"center-center\",\"padding\":\"xlarge\",\"position_sticky_breakpoint\":\"m\",\"style\":\"tile-primary\",\"vertical_align\":\"middle\",\"width_large\":\"1-2\",\"width_medium\":\"1-1\"},\"children\":[{\"type\":\"headline\",\"props\":{\"block_align\":\"center\",\"content\":\"\n\n<p>Se hur vi jobbar<\\\/p>\",\"margin\":\"medium\",\"margin_remove_top\":true,\"maxwidth\":\"xlarge\",\"title_element\":\"h2\",\"title_style\":\"h2\"}},{\"type\":\"text\",\"props\":{\"block_align\":\"center\",\"column_breakpoint\":\"m\",\"content\":\"\n\n<p>Sweden Timber \\u00e4r ett s\\u00e5gverk med m\\u00f6jlighet\\u00a0att producera de flesta dimensioner, s\\u00e5v\\u00e4l standard som special. Vi levererar kundspecifika tr\\u00e4varor \\u00f6ver hela v\\u00e4rlden, b\\u00e5de hyvlingsprofiler, m\\u00e5lning, impregnering, men ocks\\u00e5 paketering och logistikl\\u00f6ningar.<\\\/p>\",\"margin\":\"default\",\"maxwidth\":\"xlarge\"}},{\"type\":\"button\",\"props\":{\"block_align\":\"center\",\"grid_column_gap\":\"small\",\"grid_row_gap\":\"small\",\"margin\":\"default\",\"maxwidth\":\"xlarge\"},\"children\":[{\"type\":\"button_item\",\"props\":{\"button_style\":\"text\",\"content\":\"L\\u00c4S MER OM OSS\",\"dialog_layout\":\"modal\",\"dialog_offcanvas_flip\":true,\"icon_align\":\"left\",\"link\":\"om-oss\\\/\"}}]}]}]},{\"type\":\"row\",\"props\":{\"column_gap\":\"collapse\",\"id\":\"steg-ett\",\"layout\":\"1-2,1-2\",\"margin\":\"remove-vertical\",\"row_gap\":\"collapse\",\"width_expand\":\"left\"},\"children\":[{\"type\":\"column\",\"props\":{\"class\":\"box\",\"css\":\".el-column {min-height:300px;}\",\"image\":\"wp-content\\\/uploads\\\/iStock-11746555971.jpg\",\"image_position\":\"center-center\",\"image_size\":\"cover\",\"image_width\":\"1280\",\"padding\":\"xlarge\",\"position_sticky_breakpoint\":\"m\",\"width_large\":\"1-2\",\"width_medium\":\"1-1\",\"width_small\":\"1-1\"}},{\"type\":\"column\",\"props\":{\"image_position\":\"center-center\",\"order_first\":\"l\",\"padding\":\"xlarge\",\"position_sticky_breakpoint\":\"m\",\"style\":\"tile-muted\",\"vertical_align\":\"middle\",\"width_large\":\"1-2\",\"width_medium\":\"1-1\",\"width_small\":\"1-1\"},\"children\":[{\"type\":\"headline\",\"props\":{\"block_align\":\"center\",\"content\":\"\n\n<p>Jobba hos oss<\\\/p>\",\"margin\":\"medium\",\"margin_remove_top\":true,\"maxwidth\":\"xlarge\",\"title_element\":\"h2\",\"title_style\":\"h2\"}},{\"type\":\"text\",\"props\":{\"block_align\":\"center\",\"column_breakpoint\":\"m\",\"content\":\"\n\n<p>Vi har en stor verksamhet med m\\u00e5nga olika arbetsomr\\u00e5den och \\u00e4r ett h\\u00e4rligt team i olika delar av Sverige.<\\\/p>\\n\n\n<p>S\\u00f6k ditt n\\u00e4sta <i>jobb hos oss<\\\/i>!<\\\/p>\",\"margin\":\"default\",\"maxwidth\":\"xlarge\"}},{\"type\":\"button\",\"props\":{\"block_align\":\"center\",\"grid_column_gap\":\"small\",\"grid_row_gap\":\"small\",\"margin\":\"default\",\"maxwidth\":\"xlarge\"},\"children\":[{\"type\":\"button_item\",\"props\":{\"button_style\":\"text\",\"content\":\"SE LEDIGA TJ\\u00c4NSTER\",\"dialog_layout\":\"modal\",\"dialog_offcanvas_flip\":true,\"icon_align\":\"left\",\"link\":\"lediga-tjanster\\\/\"}}]}]}]}],\"name\":\"Boxar\"},{\"name\":\"Bakgrundsbild\",\"type\":\"section\",\"props\":{\"css\":\".el-section > [class*='uk-background-'] { min-height: 50vh; }\",\"image\":\"wp-content\\\/uploads\\\/Virke-magasin-2.jpg\",\"image_effect\":\"fixed\",\"image_position\":\"bottom-right\",\"image_size\":\"cover\",\"image_width\":\"1920\",\"padding\":\"large\",\"style\":\"default\",\"title_breakpoint\":\"xl\",\"title_position\":\"top-left\",\"title_rotation\":\"left\",\"vertical_align\":\"\",\"width\":\"default\"},\"children\":[{\"type\":\"row\",\"children\":[{\"type\":\"column\",\"props\":{\"image_position\":\"center-center\",\"position_sticky_breakpoint\":\"m\",\"width_medium\":\"1-1\"}}]}]}],\"version\":\"4.5.13\"} --><\/p>\n","protected":false},"excerpt":{"rendered":"<p>Tr\u00e4varor till byggindustri och tr\u00e4varuhandel \u00f6ver hela v\u00e4rlden Tr\u00e4varor med stor flexibilitet Sweden Timber \u00e4r en s\u00e5gverk&#8211; och hyvlerikoncern med produktion i Sverige och fokus p\u00e5 f\u00f6rs\u00e4ljning till flera exportmarknader. V\u00e5rt m\u00e5l \u00e4r att vara en flexibel leverant\u00f6r som l\u00f6ser kundernas behov och d\u00e4rigenom skapa l\u00e5ngsiktiga relationer. V\u00e5rt breda produktsortiment med s\u00e5gade produkter, konstruktionsvirke, ytterpaneler, [&hellip;]<\/p>\n","protected":false},"author":2,"featured_media":0,"parent":0,"menu_order":3,"comment_status":"closed","ping_status":"closed","template":"","meta":{"footnotes":""},"yoast_head":"<!-- This site is optimized with the Yoast SEO plugin v24.3 - https:\/\/yoast.com\/wordpress\/plugins\/seo\/ -->\n<title>Start - Sweden Timber<\/title>\n<meta name=\"robots\" content=\"index, follow, max-snippet:-1, max-image-preview:large, max-video-preview:-1\" \/>\n<link rel=\"canonical\" href=\"https:\/\/www.swedentimber.se\/sv\/start\/\" \/>\n<meta property=\"og:locale\" content=\"sv_SE\" \/>\n<meta property=\"og:type\" content=\"article\" \/>\n<meta property=\"og:title\" content=\"Start - Sweden Timber\" \/>\n<meta property=\"og:description\" content=\"Tr\u00e4varor till byggindustri och tr\u00e4varuhandel \u00f6ver hela v\u00e4rlden Tr\u00e4varor med stor flexibilitet Sweden Timber \u00e4r en s\u00e5gverk&#8211; och hyvlerikoncern med produktion i Sverige och fokus p\u00e5 f\u00f6rs\u00e4ljning till flera exportmarknader. V\u00e5rt m\u00e5l \u00e4r att vara en flexibel leverant\u00f6r som l\u00f6ser kundernas behov och d\u00e4rigenom skapa l\u00e5ngsiktiga relationer. V\u00e5rt breda produktsortiment med s\u00e5gade produkter, konstruktionsvirke, ytterpaneler, [&hellip;]\" \/>\n<meta property=\"og:url\" content=\"https:\/\/www.swedentimber.se\/sv\/start\/\" \/>\n<meta property=\"og:site_name\" content=\"Sweden Timber\" \/>\n<meta property=\"article:modified_time\" content=\"2025-04-08T13:29:34+00:00\" \/>\n<meta name=\"twitter:card\" content=\"summary_large_image\" \/>\n<meta name=\"twitter:label1\" content=\"Ber\u00e4knad l\u00e4stid\" \/>\n\t<meta name=\"twitter:data1\" content=\"2 minuter\" \/>\n<script type=\"application\/ld+json\" class=\"yoast-schema-graph\">{\"@context\":\"https:\/\/schema.org\",\"@graph\":[{\"@type\":\"WebPage\",\"@id\":\"https:\/\/www.swedentimber.se\/start\/\",\"url\":\"https:\/\/www.swedentimber.se\/start\/\",\"name\":\"Start - Sweden Timber\",\"isPartOf\":{\"@id\":\"https:\/\/www.swedentimber.se\/#website\"},\"datePublished\":\"2018-11-28T14:07:27+00:00\",\"dateModified\":\"2025-04-08T13:29:34+00:00\",\"breadcrumb\":{\"@id\":\"https:\/\/www.swedentimber.se\/start\/#breadcrumb\"},\"inLanguage\":\"sv-SE\",\"potentialAction\":[{\"@type\":\"ReadAction\",\"target\":[\"https:\/\/www.swedentimber.se\/start\/\"]}]},{\"@type\":\"BreadcrumbList\",\"@id\":\"https:\/\/www.swedentimber.se\/start\/#breadcrumb\",\"itemListElement\":[{\"@type\":\"ListItem\",\"position\":1,\"name\":\"Hem\",\"item\":\"https:\/\/www.swedentimber.se\/start\/\"},{\"@type\":\"ListItem\",\"position\":2,\"name\":\"Start\"}]},{\"@type\":\"WebSite\",\"@id\":\"https:\/\/www.swedentimber.se\/#website\",\"url\":\"https:\/\/www.swedentimber.se\/\",\"name\":\"Sweden Timber\",\"description\":\"\",\"potentialAction\":[{\"@type\":\"SearchAction\",\"target\":{\"@type\":\"EntryPoint\",\"urlTemplate\":\"https:\/\/www.swedentimber.se\/?s={search_term_string}\"},\"query-input\":{\"@type\":\"PropertyValueSpecification\",\"valueRequired\":true,\"valueName\":\"search_term_string\"}}],\"inLanguage\":\"sv-SE\"}]}<\/script>\n<!-- \/ Yoast SEO plugin. -->","yoast_head_json":{"title":"Start - Sweden Timber","robots":{"index":"index","follow":"follow","max-snippet":"max-snippet:-1","max-image-preview":"max-image-preview:large","max-video-preview":"max-video-preview:-1"},"canonical":"https:\/\/www.swedentimber.se\/sv\/start\/","og_locale":"sv_SE","og_type":"article","og_title":"Start - Sweden Timber","og_description":"Tr\u00e4varor till byggindustri och tr\u00e4varuhandel \u00f6ver hela v\u00e4rlden Tr\u00e4varor med stor flexibilitet Sweden Timber \u00e4r en s\u00e5gverk&#8211; och hyvlerikoncern med produktion i Sverige och fokus p\u00e5 f\u00f6rs\u00e4ljning till flera exportmarknader. V\u00e5rt m\u00e5l \u00e4r att vara en flexibel leverant\u00f6r som l\u00f6ser kundernas behov och d\u00e4rigenom skapa l\u00e5ngsiktiga relationer. V\u00e5rt breda produktsortiment med s\u00e5gade produkter, konstruktionsvirke, ytterpaneler, [&hellip;]","og_url":"https:\/\/www.swedentimber.se\/sv\/start\/","og_site_name":"Sweden Timber","article_modified_time":"2025-04-08T13:29:34+00:00","twitter_card":"summary_large_image","twitter_misc":{"Ber\u00e4knad l\u00e4stid":"2 minuter"},"schema":{"@context":"https:\/\/schema.org","@graph":[{"@type":"WebPage","@id":"https:\/\/www.swedentimber.se\/start\/","url":"https:\/\/www.swedentimber.se\/start\/","name":"Start - Sweden Timber","isPartOf":{"@id":"https:\/\/www.swedentimber.se\/#website"},"datePublished":"2018-11-28T14:07:27+00:00","dateModified":"2025-04-08T13:29:34+00:00","breadcrumb":{"@id":"https:\/\/www.swedentimber.se\/start\/#breadcrumb"},"inLanguage":"sv-SE","potentialAction":[{"@type":"ReadAction","target":["https:\/\/www.swedentimber.se\/start\/"]}]},{"@type":"BreadcrumbList","@id":"https:\/\/www.swedentimber.se\/start\/#breadcrumb","itemListElement":[{"@type":"ListItem","position":1,"name":"Hem","item":"https:\/\/www.swedentimber.se\/start\/"},{"@type":"ListItem","position":2,"name":"Start"}]},{"@type":"WebSite","@id":"https:\/\/www.swedentimber.se\/#website","url":"https:\/\/www.swedentimber.se\/","name":"Sweden Timber","description":"","potentialAction":[{"@type":"SearchAction","target":{"@type":"EntryPoint","urlTemplate":"https:\/\/www.swedentimber.se\/?s={search_term_string}"},"query-input":{"@type":"PropertyValueSpecification","valueRequired":true,"valueName":"search_term_string"}}],"inLanguage":"sv-SE"}]}},"_links":{"self":[{"href":"https:\/\/www.swedentimber.se\/sv\/wp-json\/wp\/v2\/pages\/25"}],"collection":[{"href":"https:\/\/www.swedentimber.se\/sv\/wp-json\/wp\/v2\/pages"}],"about":[{"href":"https:\/\/www.swedentimber.se\/sv\/wp-json\/wp\/v2\/types\/page"}],"author":[{"embeddable":true,"href":"https:\/\/www.swedentimber.se\/sv\/wp-json\/wp\/v2\/users\/2"}],"replies":[{"embeddable":true,"href":"https:\/\/www.swedentimber.se\/sv\/wp-json\/wp\/v2\/comments?post=25"}],"version-history":[{"count":60,"href":"https:\/\/www.swedentimber.se\/sv\/wp-json\/wp\/v2\/pages\/25\/revisions"}],"predecessor-version":[{"id":2305,"href":"https:\/\/www.swedentimber.se\/sv\/wp-json\/wp\/v2\/pages\/25\/revisions\/2305"}],"wp:attachment":[{"href":"https:\/\/www.swedentimber.se\/sv\/wp-json\/wp\/v2\/media?parent=25"}],"curies":[{"name":"wp","href":"https:\/\/api.w.org\/{rel}","templated":true}]}}